{"id":165,"date":"2020-02-18T07:34:41","date_gmt":"2020-02-18T07:34:41","guid":{"rendered":"https:\/\/demosites.io\/fitness-gb\/?page_id=165"},"modified":"2024-10-13T05:38:44","modified_gmt":"2024-10-13T05:38:44","slug":"preturi","status":"publish","type":"page","link":"https:\/\/ilimed.ro\/index.php\/preturi\/","title":{"rendered":"Preturi"},"content":{"rendered":"\n<div id=\"wp-block-themeisle-blocks-advanced-columns-50d76ec4\" class=\"wp-block-themeisle-blocks-advanced-columns alignfull has-1-columns has-desktop-equal-layout has-tablet-equal-layout has-mobile-equal-layout has-vertical-center\"><div class=\"wp-block-themeisle-blocks-advanced-columns-overlay\"><\/div><div class=\"innerblocks-wrap\">\n<div id=\"wp-block-themeisle-blocks-advanced-column-4d049713\" class=\"wp-block-themeisle-blocks-advanced-column\">\n<h1 id=\"wp-block-themeisle-blocks-advanced-heading-706f65a4\" class=\"wp-block-themeisle-blocks-advanced-heading wp-block-themeisle-blocks-advanced-heading-706f65a4\">Preturi<\/h1>\n<\/div>\n<\/div><\/div>\n\n\n\n<section id=\"wp-block-themeisle-blocks-advanced-columns-e4373a2b\" class=\"wp-block-themeisle-blocks-advanced-columns alignfull has-1-columns has-desktop-equal-layout has-tablet-equal-layout has-mobile-equal-layout has-vertical-flex-start\"><div class=\"wp-block-themeisle-blocks-advanced-columns-overlay\"><\/div><div class=\"innerblocks-wrap\">\n<div id=\"wp-block-themeisle-blocks-advanced-column-0b9db5af\" class=\"wp-block-themeisle-blocks-advanced-column\">\n<section id=\"wp-block-themeisle-blocks-advanced-columns-62d68e08\" class=\"wp-block-themeisle-blocks-advanced-columns has-2-columns has-desktop-equal-layout has-tablet-equal-layout has-mobile-collapsedRows-layout has-vertical-center\"><div class=\"wp-block-themeisle-blocks-advanced-columns-overlay\"><\/div><div class=\"innerblocks-wrap\">\n<div id=\"wp-block-themeisle-blocks-advanced-column-ba020b38\" class=\"wp-block-themeisle-blocks-advanced-column\">\n<span id=\"wp-block-themeisle-blocks-advanced-heading-acff9ebd\" class=\"wp-block-themeisle-blocks-advanced-heading wp-block-themeisle-blocks-advanced-heading-acff9ebd\"><strong>BENEFICII<\/strong><\/span>\n\n\n\n<h2 class=\"wp-block-heading wp-block-themeisle-blocks-advanced-heading wp-block-themeisle-blocks-advanced-heading-a3e4dce8\" id=\"wp-block-themeisle-blocks-advanced-heading-a3e4dce8\">De ce ILIMED Kinetica?<\/h2>\n\n\n\n<p>Terapiile oferite de noi, precum infiltra\u021biile intra-articulare, PRP, mezoterapia \u0219i terapia Tecar, contribuie la \u00eembun\u0103t\u0103\u021birea mobilit\u0103\u021bii articulare, accelerarea procesului de vindecare, reducerea durerii \u0219i regenerarea \u021besuturilor, folosind tehnici minim invazive \u0219i tehnologii avansate.<\/p>\n<\/div>\n\n\n\n<div id=\"wp-block-themeisle-blocks-advanced-column-6c94b24d\" class=\"wp-block-themeisle-blocks-advanced-column\">\n<div id=\"wp-block-themeisle-blocks-progress-bar-50182f44\" class=\"wp-block-themeisle-blocks-progress-bar\" data-percent=\"80\" data-duration=\"2\"><div class=\"wp-block-themeisle-blocks-progress-bar__outer\"><span class=\"wp-block-themeisle-blocks-progress-bar__outer__title\">Reducerea inflama\u021biei \u0219i ameliorarea durerii<\/span><\/div><div class=\"wp-block-themeisle-blocks-progress-bar__area\"><div class=\"wp-block-themeisle-blocks-progress-bar__area__bar\"><\/div><div class=\"wp-block-themeisle-blocks-progress-bar__progress wp-block-themeisle-blocks-progress-bar__number\">80%<\/div><\/div><\/div>\n\n\n\n<div id=\"wp-block-themeisle-blocks-progress-bar-25f96a5b\" class=\"wp-block-themeisle-blocks-progress-bar\" data-percent=\"60\" data-duration=\"2\"><div class=\"wp-block-themeisle-blocks-progress-bar__outer\"><span class=\"wp-block-themeisle-blocks-progress-bar__outer__title\">Capacitatea de regenerare a \u021besuturilor<\/span><\/div><div class=\"wp-block-themeisle-blocks-progress-bar__area\"><div class=\"wp-block-themeisle-blocks-progress-bar__area__bar\"><\/div><div class=\"wp-block-themeisle-blocks-progress-bar__progress wp-block-themeisle-blocks-progress-bar__number\">60%<\/div><\/div><\/div>\n\n\n\n<div id=\"wp-block-themeisle-blocks-progress-bar-7e9afc4e\" class=\"wp-block-themeisle-blocks-progress-bar\" data-percent=\"50\" data-duration=\"2\"><div class=\"wp-block-themeisle-blocks-progress-bar__outer\"><span class=\"wp-block-themeisle-blocks-progress-bar__outer__title\">Reducerea timpului de recuperare<\/span><\/div><div class=\"wp-block-themeisle-blocks-progress-bar__area\"><div class=\"wp-block-themeisle-blocks-progress-bar__area__bar\"><\/div><div class=\"wp-block-themeisle-blocks-progress-bar__progress wp-block-themeisle-blocks-progress-bar__number\">50%<\/div><\/div><\/div>\n<\/div>\n<\/div><\/section>\n<\/div>\n<\/div><\/section>\n\n\n\n<div id=\"wp-block-themeisle-blocks-advanced-columns-79f2735d\" class=\"wp-block-themeisle-blocks-advanced-columns has-1-columns has-desktop-equal-layout has-tablet-equal-layout has-mobile-collapsedRows-layout has-vertical-unset\"><div class=\"wp-block-themeisle-blocks-advanced-columns-overlay\"><\/div><div class=\"innerblocks-wrap\">\n<div id=\"wp-block-themeisle-blocks-advanced-column-a29644bc\" class=\"wp-block-themeisle-blocks-advanced-column\">\n<div id=\"wp-block-themeisle-blocks-advanced-columns-47bd1c45\" class=\"wp-block-themeisle-blocks-advanced-columns has-3-columns has-desktop-equal-layout has-tablet-equal-layout has-mobile-collapsedRows-layout has-vertical-unset\"><div class=\"wp-block-themeisle-blocks-advanced-columns-overlay\"><\/div><div class=\"innerblocks-wrap\">\n<div id=\"wp-block-themeisle-blocks-advanced-column-fa741473\" class=\"wp-block-themeisle-blocks-advanced-column\"><\/div>\n\n\n\n<div id=\"wp-block-themeisle-blocks-advanced-column-62bfbacf\" class=\"wp-block-themeisle-blocks-advanced-column\">\n<p><strong>Consultatii<\/strong><\/p>\n\n\n\n<figure class=\"wp-block-table\"><table class=\"has-fixed-layout\"><tbody><tr><td><strong>Serviciu<\/strong><\/td><td><strong>Durata<\/strong><\/td><td><strong>Pret<\/strong><\/td><\/tr><tr><td>Consultatie Medicin\u0103 fizic\u0103 de reabilitare<\/td><td>20 min<\/td><td>200<\/td><\/tr><tr><td>Consultatie Control Medicin\u0103 fizic\u0103 de reabilitare<\/td><td>15 min<\/td><td>80<\/td><\/tr><\/tbody><\/table><\/figure>\n\n\n\n<p><strong>Imagistica<\/strong><\/p>\n\n\n\n<figure class=\"wp-block-table\"><table class=\"has-fixed-layout\"><tbody><tr><td><strong>Serviciu<\/strong><\/td><td><strong>Durata<\/strong><\/td><td><strong>Pret<\/strong><\/td><\/tr><tr><td>Ecografie MSK 1 segment<\/td><td>&nbsp;<\/td><td>200<\/td><\/tr><tr><td>Ecografie MSK 2 segmente<\/td><td>&nbsp;<\/td><td>300<\/td><\/tr><\/tbody><\/table><\/figure>\n\n\n\n<p><strong>Terapie regenerativa<\/strong><\/p>\n\n\n\n<figure class=\"wp-block-table\"><table class=\"has-fixed-layout\"><tbody><tr><td><strong>Serviciu<\/strong><\/td><td><strong>Durata<\/strong><\/td><td><strong>Pret<\/strong><\/td><\/tr><tr><td>Infiltratie ecoghidata<\/td><td>&nbsp;<\/td><td>250<\/td><\/tr><tr><td>Infiltratii intra\/ periarticulare<\/td><td>&nbsp;<\/td><td>150<\/td><\/tr><tr><td>Mezoterapie<\/td><td>&nbsp;<\/td><td>200<\/td><\/tr><tr><td>PRP (platelet rich plasma)<\/td><td>&nbsp;<\/td><td>500<\/td><\/tr><tr><td>Injectii intramusculare<\/td><td>&nbsp;<\/td><td>50<\/td><\/tr><\/tbody><\/table><\/figure>\n\n\n\n<p><strong>Kinetoterapie<\/strong><\/p>\n\n\n\n<figure class=\"wp-block-table\"><table class=\"has-fixed-layout\"><tbody><tr><td><strong>Serviciu<\/strong><\/td><td><strong>Durata<\/strong><\/td><td><strong>Pret<\/strong><\/td><\/tr><tr><td>Kinetoterapie<\/td><td>30 min<\/td><td>80<\/td><\/tr><tr><td>Kinetoterapie individuala<\/td><td>45 min<\/td><td>&nbsp;<\/td><\/tr><tr><td>Elongatii\/ Tractiuni vertebrale computerizate<\/td><td>20 min<\/td><td>90<\/td><\/tr><tr><td>Kinesiotapping(bandajare neuro-musculara)<\/td><td>&nbsp;<\/td><td>50<\/td><\/tr><\/tbody><\/table><\/figure>\n\n\n\n<p><strong>Masaj<\/strong><\/p>\n\n\n\n<figure class=\"wp-block-table\"><table class=\"has-fixed-layout\"><tbody><tr><td><strong>Serviciu<\/strong><\/td><td><strong>Durata<\/strong><\/td><td><strong>Pret<\/strong><\/td><\/tr><tr><td>Masaj terapeutic<\/td><td>15 min<\/td><td>50<\/td><\/tr><\/tbody><\/table><\/figure>\n\n\n\n<p><strong>Fizioterapie avansata &#8211; TECAR si&nbsp;Unde de soc (Shockwave)<\/strong><\/p>\n\n\n\n<figure class=\"wp-block-table\"><table class=\"has-fixed-layout\"><tbody><tr><td><strong>Serviciu<\/strong><\/td><td><strong>Durata<\/strong><\/td><td><strong>Pret<\/strong><\/td><\/tr><tr><td>TECAR<\/td><td>15 &#8211; 20 min<\/td><td>100<\/td><\/tr><tr><td>Unde de soc (Shockwave)<\/td><td>5 &#8211; 10 min<\/td><td>70<\/td><\/tr><\/tbody><\/table><\/figure>\n\n\n\n<p><strong>Fizioterapie<\/strong><\/p>\n\n\n\n<figure class=\"wp-block-table\"><table class=\"has-fixed-layout\"><tbody><tr><td><strong>Serviciu<\/strong><\/td><td><strong>Durata<\/strong><\/td><td><strong>Pret<\/strong><\/td><\/tr><tr><td>LASER-terapie<\/td><td>10 min<\/td><td>40<\/td><\/tr><tr><td>Ultrasunet<\/td><td>5 min<\/td><td>30<\/td><\/tr><tr><td>Electroterapie<\/td><td>10 &#8211; 20 min<\/td><td>30<\/td><\/tr><\/tbody><\/table><\/figure>\n<\/div>\n\n\n\n<div id=\"wp-block-themeisle-blocks-advanced-column-4d8c61d0\" class=\"wp-block-themeisle-blocks-advanced-column\"><\/div>\n<\/div><\/div>\n<\/div>\n<\/div><\/div>\n\n\n\n<p><\/p>\n","protected":false},"excerpt":{"rendered":"","protected":false},"author":1,"featured_media":0,"parent":0,"menu_order":0,"comment_status":"closed","ping_status":"closed","template":"page-templates\/template-pagebuilder-full-width.php","meta":{"neve_meta_sidebar":"full-width","neve_meta_container":"","neve_meta_enable_content_width":"on","neve_meta_content_width":100,"neve_meta_title_alignment":"","neve_meta_author_avatar":"","neve_post_elements_order":"","neve_meta_disable_header":"","neve_meta_disable_footer":"","neve_meta_disable_title":"","_themeisle_gutenberg_block_has_review":false,"footnotes":""},"class_list":["post-165","page","type-page","status-publish","hentry"],"_links":{"self":[{"href":"https:\/\/ilimed.ro\/index.php\/wp-json\/wp\/v2\/pages\/165","targetHints":{"allow":["GET"]}}],"collection":[{"href":"https:\/\/ilimed.ro\/index.php\/wp-json\/wp\/v2\/pages"}],"about":[{"href":"https:\/\/ilimed.ro\/index.php\/wp-json\/wp\/v2\/types\/page"}],"author":[{"embeddable":true,"href":"https:\/\/ilimed.ro\/index.php\/wp-json\/wp\/v2\/users\/1"}],"replies":[{"embeddable":true,"href":"https:\/\/ilimed.ro\/index.php\/wp-json\/wp\/v2\/comments?post=165"}],"version-history":[{"count":8,"href":"https:\/\/ilimed.ro\/index.php\/wp-json\/wp\/v2\/pages\/165\/revisions"}],"predecessor-version":[{"id":344,"href":"https:\/\/ilimed.ro\/index.php\/wp-json\/wp\/v2\/pages\/165\/revisions\/344"}],"wp:attachment":[{"href":"https:\/\/ilimed.ro\/index.php\/wp-json\/wp\/v2\/media?parent=165"}],"curies":[{"name":"wp","href":"https:\/\/api.w.org\/{rel}","templated":true}]}}