{"id":139,"date":"2020-02-17T09:21:08","date_gmt":"2020-02-17T09:21:08","guid":{"rendered":"https:\/\/demosites.io\/fitness-gb\/?page_id=139"},"modified":"2024-10-12T20:03:05","modified_gmt":"2024-10-12T20:03:05","slug":"terapii-si-tehnologii","status":"publish","type":"page","link":"https:\/\/ilimed.ro\/index.php\/terapii-si-tehnologii\/","title":{"rendered":"Terapii si Tehnologii"},"content":{"rendered":"\n<div id=\"wp-block-themeisle-blocks-advanced-columns-4e0d671d\" class=\"wp-block-themeisle-blocks-advanced-columns alignfull has-1-columns has-desktop-equal-layout has-tablet-equal-layout has-mobile-equal-layout has-vertical-center\"><div class=\"wp-block-themeisle-blocks-advanced-columns-overlay\"><\/div><div class=\"innerblocks-wrap\">\n<div id=\"wp-block-themeisle-blocks-advanced-column-d4d96d4a\" class=\"wp-block-themeisle-blocks-advanced-column\">\n<h1 id=\"wp-block-themeisle-blocks-advanced-heading-6297c131\" class=\"wp-block-themeisle-blocks-advanced-heading wp-block-themeisle-blocks-advanced-heading-6297c131\">Terapii si Tehnologii Folosite<\/h1>\n<\/div>\n<\/div><\/div>\n\n\n\n<div id=\"wp-block-themeisle-blocks-advanced-columns-d5bbe158\" class=\"wp-block-themeisle-blocks-advanced-columns has-1-columns has-desktop-equal-layout has-tablet-equal-layout has-mobile-equal-layout has-vertical-unset\"><div class=\"wp-block-themeisle-blocks-advanced-columns-overlay\"><\/div><div class=\"innerblocks-wrap\">\n<div id=\"wp-block-themeisle-blocks-advanced-column-3539a81d\" class=\"wp-block-themeisle-blocks-advanced-column\">\n<p><\/p>\n\n\n\n<h2 id=\"wp-block-themeisle-blocks-advanced-heading-8c53aa2d\" class=\"wp-block-themeisle-blocks-advanced-heading wp-block-themeisle-blocks-advanced-heading-8c53aa2d\"><\/h2>\n\n\n\n<div id=\"wp-block-themeisle-blocks-accordion-2971be0d\" class=\"wp-block-themeisle-blocks-accordion exclusive\">\n<details class=\"wp-block-themeisle-blocks-accordion-item\"><summary class=\"wp-block-themeisle-blocks-accordion-item__title\"><div><strong>INFILTRATII INTRA-ARTICULARE<\/strong><\/div><\/summary><div class=\"wp-block-themeisle-blocks-accordion-item__content\">\n<p>Infiltratii intra-articulare \u2013 proceduri minim invazive utilizate \u00een scop terapeutic pentru reducerea durerii \u0219i&nbsp;ameliorarea afec\u021biunilor articulare. Aceste proceduri implic\u0103 injectarea unor substan\u021be medicamentoase, cum ar fi corticosteroizii sau acidul hialuronic, direct \u00een articula\u021bia afectat\u0103, care pot contribui la o \u00eembun\u0103t\u0103\u021bire a mobilit\u0103\u021bii pacientului pentru o durat\u0103 de p\u00e2n\u0103 la 6 luni.&nbsp;<\/p>\n\n\n\n<p><strong>Beneficii infiltratii intra-articulare:<\/strong><\/p>\n\n\n\n<ul class=\"wp-block-list\">\n<li>Reducerea durerii<\/li>\n\n\n\n<li>\u00cembun\u0103t\u0103\u021birea func\u021bionalit\u0103\u021bii prin reducerea inflama\u021biei \u0219i a durerii<\/li>\n\n\n\n<li>\u00cencetinirea progresiei afec\u021biunilor articulare<\/li>\n\n\n\n<li>Evitarea interven\u021biilor chirurgicale<\/li>\n<\/ul>\n\n\n\n<p><strong>Afec\u021biuni tratate prin infiltratii intra-articulare:<\/strong><\/p>\n\n\n\n<ul class=\"wp-block-list\">\n<li>Osteoartrita<\/li>\n\n\n\n<li>Artrita reumatoid\u0103<\/li>\n\n\n\n<li>Bursit\u0103<\/li>\n\n\n\n<li>Tendinit\u0103<\/li>\n\n\n\n<li>Leziuni articulare<\/li>\n<\/ul>\n\n\n\n<p><strong>Contraindica\u021bii:<\/strong><\/p>\n\n\n\n<ul class=\"wp-block-list\">\n<li>Infec\u021bii active ale articula\u021biei sau \u00een apropierea acestora<\/li>\n\n\n\n<li>Alergii la substan\u021bele utilizate<\/li>\n\n\n\n<li>Tulbur\u0103ri de coagulare<\/li>\n\n\n\n<li>Gravide \u0219i femei care al\u0103pteaz\u0103<\/li>\n<\/ul>\n\n\n\n<p>Este important ca infiltratiile intra-articulare s\u0103 fie efectuate de c\u0103tre un medic specializat. \u00cen urma unui consult de specialitate se stabile\u0219te nivelul afec\u021biunii \u0219i se alege produsul potrivit pentru pacient. Infiltra\u021biile intra-articulare sunt o modalitate rapid\u0103 \u0219i eficient\u0103 prin care se poate ob\u021bine o&nbsp;ameliorare a durerilor&nbsp;provocate de diferite afec\u021biuni la nivelul articula\u021biilor.&nbsp;<\/p>\n<\/div><\/details>\n\n\n\n<details class=\"wp-block-themeisle-blocks-accordion-item\"><summary class=\"wp-block-themeisle-blocks-accordion-item__title\"><div><strong>MEZOTERAPIE<\/strong><\/div><\/summary><div class=\"wp-block-themeisle-blocks-accordion-item__content\">\n<p>Dispozitivele medicale Guna Collagen sunt indicate pentru durerile osteo-artromioofasciale, precum \u0219i \u00een medicina estetic\u0103. Dispozitivele medicale pe baz\u0103 de colagen Guna reprezint\u0103 un produs terapeutic ideal pentru a stimula procesele de regenerare \u0219i remodelare, care sunt esen\u021biale \u00een restablirea \u021besuturilor deteriorate.<\/p>\n\n\n\n<p>Dispozitivele medicale Guna Collagen sunt o linie de dispozitive medicale injectabile pentru tratamentul bolilor dureroase care afecteaz\u0103 sistemul musculo-scheletic. Acestea sunt concepute pentru a ajuta la mi\u0219care, limit\u00e2nd o degenerare fiziologic\u0103 a articula\u021biilor \u0219i \u021besuturilor, precum \u0219i prin contrabalansarea deterior\u0103rii cauzate de:<\/p>\n\n\n\n<ul class=\"wp-block-list\">\n<li>\u00eemb\u0103tr\u00e2nire<\/li>\n\n\n\n<li>postur\u0103 incorect\u0103<\/li>\n\n\n\n<li>boli cronice concomitente<\/li>\n\n\n\n<li>traumatisme si pl\u0103gi<\/li>\n\n\n\n<li>poluan\u021bi<\/li>\n<\/ul>\n\n\n\n<p>Injec\u021biile locale de dispozitive medicale Guna Collagen \u00eembun\u0103t\u0103\u021besc structura fibrelor de colagen \u0219i ofer\u0103 suport mecanic zonelor implicate. Fiecare produs este specific pentru o zon\u0103 anatomic\u0103 sau \u021besut.<\/p>\n<\/div><\/details>\n\n\n\n<details class=\"wp-block-themeisle-blocks-accordion-item\"><summary class=\"wp-block-themeisle-blocks-accordion-item__title\"><div><strong>PRP \u2013 vindecare cu ajutorul propriilor celule!<\/strong><\/div><\/summary><div class=\"wp-block-themeisle-blocks-accordion-item__content\">\n<p>Medicina regenerativ\u0103 a avut, \u00een ultimii ani, un avans semnificativ \u00een identificarea \u0219i aplicarea unor terapii inovatoare pentru vindecarea \u0219i re\u00eennoirea \u021besuturilor afectate. Una dintre aceste tehnologii este utilizarea Platelet-Rich Plasma (PRP), o abordare non-invaziv\u0103 \u0219i natural\u0103, pentru a accelera procesele de vindecare ale organismului folosind propriile tale celule.<\/p>\n\n\n\n<p>PRP reprezint\u0103 un concentrat plachetar ob\u021binut din propriul t\u0103u s\u00e2nge care con\u021bine o cantitate crescut\u0103 de trombocite, factori de cre\u0219tere \u0219i proteine bioactive. Aceste substan\u021be cheie din PRP au un rol esen\u021bial \u00een procesele de regenerare \u0219i reparare a \u021besuturilor.<\/p>\n\n\n\n<p><strong>Cum func\u021bioneaz\u0103 terapia PRP \u00een medicina regenerativ\u0103?<\/strong><\/p>\n\n\n\n<p>Procedura \u00eencepe prin recoltarea unei cantit\u0103\u021bi mici de s\u00e2nge din bra\u021bul pacientului. Apoi, s\u00e2ngele este centrifugat pentru a separa componentele sale: globulele ro\u0219ii, globulele albe \u0219i plasma. Concentratul plachetar care con\u021bine PRP, este apoi extras \u0219i preg\u0103tit pentru a fi injectat \u00een zona afectat\u0103 a corpului.<\/p>\n\n\n\n<p><strong>La ce ne ajut\u0103 tratamentul cu PRP<\/strong><\/p>\n\n\n\n<p>\u00cembun\u0103t\u0103\u021birea aspectului pielii \u2013 stimuleaz\u0103 produc\u021bia de colagen<\/p>\n\n\n\n<p>Vindecarea \u021besuturilor moi \u2013 poate fi utilizat pentru a trata leziuni ale ligamentelor, tendoanelor sau muschilor, cum ar fi entorse, rupturi sau tendinit\u0103<\/p>\n\n\n\n<p>Regenerarea articula\u021biilor &#8211; tratarea afec\u021biunilor articulare, cum ar fi osteoartrita \u0219i leziunile cartilajului<\/p>\n<\/div><\/details>\n\n\n\n<details class=\"wp-block-themeisle-blocks-accordion-item\"><summary class=\"wp-block-themeisle-blocks-accordion-item__title\"><div><strong>ECOGRAFIA MUSCULO-SCHELETALA<\/strong><\/div><\/summary><div class=\"wp-block-themeisle-blocks-accordion-item__content\">\n<p>Imagistica medical\u0103 ne permite ast\u0103zi s\u0103 realiz\u0103m investiga\u021bii ultra-performante. Ecografia musculo-scheletal\u0103 este una dintre tehnicile din aceast\u0103 sfer\u0103, care utilizeaz\u0103 unde sonore de \u00eenalt\u0103 frecven\u021b\u0103 pentru a produce imagini ale \u021besuturilor moi ale corpului.<\/p>\n\n\n\n<p>Ne-am dorit ca, la Ilimed Kinetica, pacien\u021bii s\u0103 reg\u0103seasc\u0103 simbioza dintre tehnologiile de ultim\u0103 genera\u021bie \u0219i empatia speciali\u0219tilor din echip\u0103, reu\u0219ind astfel s\u0103 oferim un mediu \u00een care vindecarea s\u0103 se \u00eent\u00e2mple mai u\u0219or.<\/p>\n\n\n\n<p>Revenind la ecografia musculo-scheletal\u0103, aceasta este o procedur\u0103 non-invaziv\u0103, nedureroas\u0103 \u0219i absolut sigur\u0103. \u00cen majoritatea cazurilor, o utiliz\u0103m pentru a diagnostica \u0219i evalua o gam\u0103 larg\u0103 de afec\u021biuni ale \u021besuturilor moi:<\/p>\n\n\n\n<ul class=\"wp-block-list\">\n<li>rupturi musculare;<\/li>\n\n\n\n<li>leziuni ale ligamentelor \u0219i tendoanelor;<\/li>\n\n\n\n<li>acumul\u0103ri de fluide;<\/li>\n\n\n\n<li>noduli.<\/li>\n<\/ul>\n\n\n\n<p>Cum decurge o ecografie Musculo-scheletala?<\/p>\n\n\n\n<p>Ecografia tesuturilor moi se realizeaz\u0103 cu ajutorul aparaturii de ultim\u0103 genera\u021bie, care permite vizualizarea articulatiilor, tendoanelor si ligamentelor, inclusiv a chisturilor si&nbsp; nodulilor.<\/p>\n\n\n\n<p>Tehnologia permite mic\u0219orarea sau m\u0103rirea imaginilor, \u00een a\u0219a fel \u00eenc\u00e2t s\u0103 se poat\u0103 clarifica cu u\u0219urin\u021b\u0103 orice suspiciuni. Cel mai des, acest tip de investiga\u021bie imagistic\u0103 este utilizat\u0103 \u00een&nbsp;medicina sportiv\u0103, de recuperare, ortopedie \u0219i reumatologie&nbsp;pentru a evalua leziuni de la nivelul mu\u0219chilor, tendoanelor \u0219i ligamentelor. O alt\u0103 utilitate a ecografiei pentru \u021besuturi moi este ghidarea plas\u0103rii acelor \u00een timpul procedurilor precum biopsiile sau injec\u021biile.<\/p>\n<\/div><\/details>\n\n\n\n<details class=\"wp-block-themeisle-blocks-accordion-item\"><summary class=\"wp-block-themeisle-blocks-accordion-item__title\"><div><strong> KINETOTERAPIA<\/strong><\/div><\/summary><div class=\"wp-block-themeisle-blocks-accordion-item__content\">\n<p><strong>Kinetoterapia \u00eenseamn\u0103 terapia prin mi\u0219care<\/strong><\/p>\n\n\n\n<p>&nbsp;Kinetoterapia este o metod\u0103 eficient\u0103 \u0219i non-invaziv\u0103 care folose\u0219te mi\u0219carea terapeutic\u0103 \u0219i exerci\u021biile fizice pentru a trata diverse afec\u021biuni \u0219i pentru a sprijini recuperarea func\u021bional\u0103.<\/p>\n\n\n\n<p>La Ilimed Kinetica, fiecare sesiune de kinetoterapie \u00eencepe cu o evaluare medical\u0103 detaliat\u0103. Medicul specialist \u00een recuperare \u0219i kinetoterapeutul stabilesc \u00eempreun\u0103 programul de exerci\u021bii adecvat pentru afec\u021biunea ta.<\/p>\n\n\n\n<p><strong>C\u00e2nd este necesar\u0103 Kinetoterapia?<\/strong><\/p>\n\n\n\n<ul class=\"wp-block-list\">\n<li>Afec\u021biuni musculo-scheletice: durerile de spate, artritele, entorsele, luxa\u021biile, leziuni musculare, distrofii musculare<\/li>\n\n\n\n<li>Afec\u021biuni neurologice: accidentele vasculare cerebrale, paralizia cerebral\u0103 \u0219i scleroza multipl\u0103<\/li>\n\n\n\n<li>Afec\u021biuni respiratorii: astmul \u0219i bron\u0219ita cronic\u0103<\/li>\n\n\n\n<li>Afec\u021biuni cardiovasculare: hipertensiunea arterial\u0103 \u0219i insuficien\u021ba cardiac\u0103<\/li>\n\n\n\n<li>Recuperare post-chirurgical\u0103 \u0219i post-traumatic\u0103<\/li>\n\n\n\n<li>Sarcin\u0103, afec\u021biuni gineco-abdominale<\/li>\n\n\n\n<li>Afec\u021biuni endocrino-metabolice<\/li>\n\n\n\n<li>Tulbur\u0103rile statice ale membrelor inferioare<\/li>\n\n\n\n<li>Oboseala, stres, depresie<\/li>\n<\/ul>\n\n\n\n<p><strong>Cand nu po\u021bi s\u0103 faci Kinetoterapie<\/strong><\/p>\n\n\n\n<ul class=\"wp-block-list\">\n<li>Infec\u021bii acute sau febr\u0103<\/li>\n\n\n\n<li>St\u0103ri acute de durere sever\u0103<\/li>\n\n\n\n<li>Insuficien\u021b\u0103 cardiac\u0103 sau respiratorie sever\u0103<\/li>\n\n\n\n<li>Tromboze sau riscuri de embolie<\/li>\n\n\n\n<li>Tulbur\u0103ri de coagulare a s\u00e2ngelui sau hemoragii active<\/li>\n<\/ul>\n\n\n\n<p><strong>Exist\u0103 3 tipuri de Kinetoterapie<\/strong><\/p>\n\n\n\n<ul class=\"wp-block-list\">\n<li>Profilactic\u0103<\/li>\n\n\n\n<li>De recuperare<\/li>\n\n\n\n<li>De tip curativ<\/li>\n<\/ul>\n\n\n\n<p>Kinetoterapia manual\u0103 este o metod\u0103 terapeutic\u0103 specializat\u0103 care se bazeaz\u0103 pe abilit\u0103\u021bile terapeutului pentru a ajuta pacien\u021bii s\u0103-\u0219i recupereze mobilitatea \u0219i func\u021bionalitatea optim\u0103. Echipa noastr\u0103 de terapeu\u021bi, cu o vast\u0103 experien\u021b\u0103 \u00een terapia manual\u0103, trateaz\u0103 diverse afec\u021biuni musculo-scheletale \u0219i neurologice. Prin tehnici \u0219i manevre specifice, terapeu\u021bii ac\u021bioneaz\u0103 direct asupra structurilor afectate, reduc\u00e2nd tensiunea muscular\u0103, \u00eembun\u0103t\u0103\u021bind circula\u021bia \u0219i stimul\u00e2nd vindecarea.<\/p>\n\n\n\n<p>Kinetoterapia manual\u0103 se axeaz\u0103 pe restabilirea func\u021bionalit\u0103\u021bii \u0219i mi\u0219c\u0103rilor naturale ale corpului. Prin exerci\u021bii terapeutice \u0219i tehnici adecvate, ajut\u0103m pacien\u021bii s\u0103-\u0219i rec\u00e2\u0219tige for\u021ba, flexibilitatea \u0219i mobilitatea, facilit\u00e2nd reluarea activit\u0103\u021bilor zilnice \u0219i sportive cu \u00eencredere.<\/p>\n<\/div><\/details>\n\n\n\n<details class=\"wp-block-themeisle-blocks-accordion-item\"><summary class=\"wp-block-themeisle-blocks-accordion-item__title\"><div><strong>MASAJUL TERAPEUTIC<\/strong><\/div><\/summary><div class=\"wp-block-themeisle-blocks-accordion-item__content\">\n<p><strong>Ce este Masajul terapeutic?<\/strong><\/p>\n\n\n\n<p>Masajul terapeutic este o forma de terapie prin care trat\u0103m durerile musculare \u0219i elimin\u0103m punctele de tensiune, de declan\u0219are a durerii de la nivel muscular, stimul\u00e2nd astfel cre\u0219terea iriga\u021biei sangvine \u00een zon\u0103 \u0219i implicit amplific\u0103m procesele de oxigenare \u0219i nutri\u021bie ale mu\u0219chiului.&nbsp;<\/p>\n\n\n\n<p><strong>Ce are la baza masajul terapeutic?<\/strong><\/p>\n\n\n\n<ul class=\"wp-block-list\">\n<li>Contribuie la decontracturarea musculara<\/li>\n\n\n\n<li>Ajuta la vindecarea anumitor leziuni musculare<\/li>\n\n\n\n<li>Combate inflama\u021bia<\/li>\n\n\n\n<li>\u00cembun\u0103t\u0103\u021be\u0219te tonusul muscular<\/li>\n\n\n\n<li>\u00ce\u00cembun\u0103t\u0103\u021be\u0219te frecven\u021ba cardiac\u0103, respiratorie \u0219i tensiunea arterial<\/li>\n\n\n\n<li>Combate stresul<\/li>\n\n\n\n<li>Cre\u0219te mobilitatea articular\u0103 \u0219i flexibilitatea muscular\u0103<\/li>\n\n\n\n<li>Cre\u0219te calitatea somnului<\/li>\n\n\n\n<li>Imbun\u0103t\u0103\u021be\u0219te circula\u021bia, cre\u0219te aportul de oxygen \u0219i de nutrient la nivel muscular;<\/li>\n<\/ul>\n\n\n\n<p>Indicatiile masajului terapeutic:<\/p>\n\n\n\n<p>Cre\u0219terea elasticit\u0103\u021bii \u021besuturilor \u0219i gr\u0103birea procesului de vindecare a cicatricelor.<\/p>\n\n\n\n<p>Afec\u021biunile aparatului locomotor precum afec\u021biunile articulare, postraumatice, reumatismale, etc;<\/p>\n\n\n\n<p>Afectiunile aparatului cardiovascular;<\/p>\n\n\n\n<p>Afectiuni psihogene \u2013 spasmofilii, nevroze astenice, etc;<\/p>\n\n\n\n<p>Afec\u021biuni metabolice \u2013 obezitate, diabet, etc;<\/p>\n<\/div><\/details>\n\n\n\n<details class=\"wp-block-themeisle-blocks-accordion-item\"><summary class=\"wp-block-themeisle-blocks-accordion-item__title\"><div><strong>FIZIOTERAPIA<\/strong><\/div><\/summary><div class=\"wp-block-themeisle-blocks-accordion-item__content\">\n<p><strong>Fizioterapie la Ilimed Kinetica<\/strong><\/p>\n\n\n\n<p>Fizioterapie \u2013 \u00eenseamn\u0103 vindecare \u0219i recuperare cu ajutorul mi\u0219c\u0103rii \u0219i terapiei fizice. Are un rol crucial \u00een gestionarea afec\u021biunilor musculo-scheletice, neurologice \u0219i respiratorii.<br>La&nbsp;Ilimed kinetica, avem o echip\u0103 dedicat\u0103 de profesioni\u0219ti \u00een domeniul fizioterapiei. Abordarea este una personalizat\u0103 \u0219i folosim tehnici, modalit\u0103\u021bi specifice \u0219i aparatur\u0103 de ultim\u0103 genera\u021bie pentru ca beneficiile medicale s\u0103 fie semnificative: s\u0103 v\u0103 rec\u0103p\u0103ta\u021bi s\u0103n\u0103tatea \u0219i mobilitatea.&nbsp;<\/p>\n\n\n\n<p><strong>Fizioterapie &#8211; C\u00e2nd este utilizat\u0103?<\/strong><\/p>\n\n\n\n<ul class=\"wp-block-list\">\n<li>Accident\u0103ri \u0219i traume ale sistemului musculo-scheletic<\/li>\n\n\n\n<li>Afec\u021biuni neurologice \u0219i recuperare post-accident vascular cerebral<\/li>\n\n\n\n<li>Boli cronice \u0219i afec\u021biuni degenerative<\/li>\n\n\n\n<li>Recuperare post-chirurgical\u0103<\/li>\n\n\n\n<li>Prevenirea leziunilor \u0219i promovarea s\u0103n\u0103t\u0103\u021bii generale<\/li>\n<\/ul>\n\n\n\n<p><strong>Contraindica\u021bii generale Fizioterapie<\/strong><\/p>\n\n\n\n<ul class=\"wp-block-list\">\n<li>Infec\u021bii acute sau febr\u0103<\/li>\n\n\n\n<li>Insuficien\u021b\u0103 cardiac\u0103 sau respiratorie sever\u0103<\/li>\n\n\n\n<li>Tromboze sau riscuri de embolie<\/li>\n\n\n\n<li>St\u0103ri acute de durere sever\u0103<\/li>\n\n\n\n<li>Tulbur\u0103ri de coagulare a s\u00e2ngelui sau hemoragii active<\/li>\n<\/ul>\n\n\n\n<p>Echipa noastr\u0103 medical\u0103 va crea un plan de tratament de fizioterapie bazat pe nevoile tale, \u00een urma unei consulta\u021bii. Acesta va include tipul de procedur\u0103 necesar, num\u0103rul de \u0219edinte \u0219i durata sedin\u021belor individuale.<\/p>\n\n\n\n<p>V\u0103 oferim acces la cele mai bune op\u021biuni de tratament, indiferent dac\u0103 v\u0103 confrunta\u021bi cu dureri cronice sau ave\u021bi nevoie de asisten\u021b\u0103 \u00een recuperarea dup\u0103 o interven\u021bie chirurgical\u0103. Suntem aici penrtru a v\u0103 asigura suportul \u0219i \u00eengrijirea necesar\u0103 pentru a v\u0103 ajuta s\u0103 reveni\u021bi la activit\u0103\u021bile cotidiene, f\u0103r\u0103 dureri sau limit\u0103ri ale mobilit\u0103\u021bii.<\/p>\n<\/div><\/details>\n\n\n\n<details class=\"wp-block-themeisle-blocks-accordion-item\"><summary class=\"wp-block-themeisle-blocks-accordion-item__title\"><div><strong>DESPRE TERAPIA TECAR WINBACK<\/strong><\/div><\/summary><div class=\"wp-block-themeisle-blocks-accordion-item__content\">\n<p>Tecar winback reprezint\u0103 o terapie avansat\u0103, non-invaziv\u0103 \u0219i extrem de eficient\u0103 pentru a trata diverse afec\u021biuni musculo-scheletice, sportive sau post-operatorii.<\/p>\n\n\n\n<p><strong>Cum func\u021bioneaz\u0103?<\/strong><\/p>\n\n\n\n<p>Tecar Winback se bazeaz\u0103 pe principiul transferului de energie electromagnetic\u0103 \u00een \u021besuturile afectate, gener\u00e2nd c\u0103ldur\u0103 profund\u0103 \u00een interiorul acestora. Echipamentul specializat permite terapeutului s\u0103 controleze precis ad\u00e2ncimea \u0219i intensitatea tratamentului, adapt\u00e2ndu-se nevoilor specifice ale pacientului. Aceast\u0103 abordare personalizat\u0103 asigur\u0103 o ac\u021biune terapeutic\u0103 mai eficient\u0103 \u0219i mai confortabil\u0103.<\/p>\n\n\n\n<p><strong>Beneficiile terapiei Tecar Winback<\/strong><\/p>\n\n\n\n<ul class=\"wp-block-list\">\n<li>Contribuie la cre\u0219terea fluxului sanguin<\/li>\n\n\n\n<li>\u00cembun\u0103t\u0103\u021be\u0219te oxigenarea \u0219i hr\u0103nirea celulelor<\/li>\n\n\n\n<li>Recuperare rapid\u0103 dup\u0103 accident\u0103ri sau interven\u021bii chirurgicale<\/li>\n\n\n\n<li>Acceleraz\u0103 eliminearea toxinelor<\/li>\n\n\n\n<li>\u00cembun\u0103t\u0103\u021be\u0219te elasticitatea \u021besutului conjunctiv<\/li>\n\n\n\n<li>Reduce rigiditatea articula\u021biilor<\/li>\n\n\n\n<li>Reduce durerile musculare \u0219i spasmele<\/li>\n\n\n\n<li>Faciliteaz\u0103 absorb\u021bia v\u00e2n\u0103t\u0103ilor \u0219i edemului<\/li>\n\n\n\n<li>Cre\u0219te extensibilitatea \u021besutului conjunctiv<\/li>\n\n\n\n<li>Reducerea cicatricilor<\/li>\n\n\n\n<li>Relaxare \u0219i reducerea stresului<\/li>\n<\/ul>\n\n\n\n<p><strong>Pentru cine este recomandat\u0103 terapia Tecar Winback?<\/strong><\/p>\n\n\n\n<p>Terapia Tecar Winback este potrivit\u0103 pentru toate categoriile de v\u00e2rst\u0103 \u0219i pentru un spectru larg de afec\u021biuni. Este o alegere excelent\u0103 pentru sportivi, persoanele active, dar \u0219i pentru cei care sufer\u0103 de afec\u021biuni musculo-scheletice cronice sau acute. De asemenea, este un tratament complementar valoros \u00een reabilitarea post-operatorie \u0219i \u00een recuperarea dup\u0103 diverse traumatisme sau accident\u0103ri.<\/p>\n\n\n\n<p><strong>De asemenea, dispozitivul poate fi folosit \u0219i \u00een fizioestetic\u0103. Ajut\u0103 la:<\/strong><\/p>\n\n\n\n<ul class=\"wp-block-list\">\n<li>Repararea pielii<\/li>\n\n\n\n<li>Estomparea cicactricilor provocate de acnee<\/li>\n\n\n\n<li>Fermitatea pielii<\/li>\n\n\n\n<li>Stimularea activit\u0103\u021bii metabolice<\/li>\n\n\n\n<li>Tratarea celulitei<\/li>\n<\/ul>\n\n\n\n<p>Alege terapia Tecar Winback pentru a descoperi beneficiile vindec\u0103toare ale c\u0103ldurii \u0219i pentru a te bucura din nou de o via\u021b\u0103 activ\u0103 \u0219i lipsit\u0103 de durere. Echipa noastr\u0103 de medici \u0219i terapeu\u021bi specializa\u021bi \u00ee\u021bi ofer\u0103 un plan individualizat de tratament, adaptat nevoilor tale.<\/p>\n<\/div><\/details>\n<\/div>\n<\/div>\n<\/div><\/div>\n\n\n\n<div id=\"wp-block-themeisle-blocks-advanced-columns-fc6de337\" class=\"wp-block-themeisle-blocks-advanced-columns alignfull has-3-columns has-desktop-equal-layout has-tablet-equal-layout has-mobile-collapsedRows-layout has-vertical-center has-dark-bg\"><div class=\"wp-block-themeisle-blocks-advanced-columns-overlay\"><\/div><div class=\"innerblocks-wrap\">\n<div id=\"wp-block-themeisle-blocks-advanced-column-42f273d5\" class=\"wp-block-themeisle-blocks-advanced-column\">\n<figure class=\"wp-block-image size-full\"><img loading=\"lazy\" decoding=\"async\" width=\"720\" height=\"480\" src=\"https:\/\/ilimed.ro\/wp-content\/uploads\/2024\/10\/medical1.jpg\" alt=\"\" class=\"wp-image-294\" srcset=\"https:\/\/ilimed.ro\/wp-content\/uploads\/2024\/10\/medical1.jpg 720w, https:\/\/ilimed.ro\/wp-content\/uploads\/2024\/10\/medical1-300x200.jpg 300w\" sizes=\"auto, (max-width: 720px) 100vw, 720px\" \/><\/figure>\n<\/div>\n\n\n\n<div id=\"wp-block-themeisle-blocks-advanced-column-5ea2c1f3\" class=\"wp-block-themeisle-blocks-advanced-column\">\n<figure class=\"wp-block-image size-full\"><img loading=\"lazy\" decoding=\"async\" width=\"719\" height=\"480\" src=\"https:\/\/ilimed.ro\/wp-content\/uploads\/2024\/10\/medical2.jpg\" alt=\"\" class=\"wp-image-296\" srcset=\"https:\/\/ilimed.ro\/wp-content\/uploads\/2024\/10\/medical2.jpg 719w, https:\/\/ilimed.ro\/wp-content\/uploads\/2024\/10\/medical2-300x200.jpg 300w\" sizes=\"auto, (max-width: 719px) 100vw, 719px\" \/><\/figure>\n<\/div>\n\n\n\n<div id=\"wp-block-themeisle-blocks-advanced-column-2fc0ea10\" class=\"wp-block-themeisle-blocks-advanced-column\">\n<figure class=\"wp-block-image size-full\"><img loading=\"lazy\" decoding=\"async\" width=\"853\" height=\"480\" src=\"https:\/\/ilimed.ro\/wp-content\/uploads\/2024\/10\/medical3.jpg\" alt=\"\" class=\"wp-image-297\" srcset=\"https:\/\/ilimed.ro\/wp-content\/uploads\/2024\/10\/medical3.jpg 853w, https:\/\/ilimed.ro\/wp-content\/uploads\/2024\/10\/medical3-300x169.jpg 300w, https:\/\/ilimed.ro\/wp-content\/uploads\/2024\/10\/medical3-768x432.jpg 768w\" sizes=\"auto, (max-width: 853px) 100vw, 853px\" \/><\/figure>\n<\/div>\n<\/div><\/div>\n","protected":false},"excerpt":{"rendered":"","protected":false},"author":1,"featured_media":0,"parent":0,"menu_order":0,"comment_status":"closed","ping_status":"closed","template":"page-templates\/template-pagebuilder-full-width.php","meta":{"neve_meta_sidebar":"full-width","neve_meta_container":"","neve_meta_enable_content_width":"on","neve_meta_content_width":100,"neve_meta_title_alignment":"","neve_meta_author_avatar":"","neve_post_elements_order":"","neve_meta_disable_header":"","neve_meta_disable_footer":"","neve_meta_disable_title":"","_themeisle_gutenberg_block_has_review":false,"footnotes":""},"class_list":["post-139","page","type-page","status-publish","hentry"],"_links":{"self":[{"href":"https:\/\/ilimed.ro\/index.php\/wp-json\/wp\/v2\/pages\/139","targetHints":{"allow":["GET"]}}],"collection":[{"href":"https:\/\/ilimed.ro\/index.php\/wp-json\/wp\/v2\/pages"}],"about":[{"href":"https:\/\/ilimed.ro\/index.php\/wp-json\/wp\/v2\/types\/page"}],"author":[{"embeddable":true,"href":"https:\/\/ilimed.ro\/index.php\/wp-json\/wp\/v2\/users\/1"}],"replies":[{"embeddable":true,"href":"https:\/\/ilimed.ro\/index.php\/wp-json\/wp\/v2\/comments?post=139"}],"version-history":[{"count":7,"href":"https:\/\/ilimed.ro\/index.php\/wp-json\/wp\/v2\/pages\/139\/revisions"}],"predecessor-version":[{"id":315,"href":"https:\/\/ilimed.ro\/index.php\/wp-json\/wp\/v2\/pages\/139\/revisions\/315"}],"wp:attachment":[{"href":"https:\/\/ilimed.ro\/index.php\/wp-json\/wp\/v2\/media?parent=139"}],"curies":[{"name":"wp","href":"https:\/\/api.w.org\/{rel}","templated":true}]}}