{"id":129,"date":"2020-02-14T10:59:11","date_gmt":"2020-02-14T10:59:11","guid":{"rendered":"https:\/\/demosites.io\/fitness-gb\/?page_id=129"},"modified":"2024-10-12T20:05:57","modified_gmt":"2024-10-12T20:05:57","slug":"acasa","status":"publish","type":"page","link":"https:\/\/ilimed.ro\/","title":{"rendered":"Acasa"},"content":{"rendered":"\n<div id=\"wp-block-themeisle-blocks-advanced-columns-e1ca32e1\" class=\"wp-block-themeisle-blocks-advanced-columns alignfull has-1-columns has-desktop-equal-layout has-tablet-equal-layout has-mobile-equal-layout has-vertical-unset\"><div class=\"wp-block-themeisle-blocks-advanced-columns-overlay\"><\/div><div class=\"innerblocks-wrap\">\n<div id=\"wp-block-themeisle-blocks-advanced-column-65b5ef21\" class=\"wp-block-themeisle-blocks-advanced-column\">\n<h1 id=\"wp-block-themeisle-blocks-advanced-heading-bb0c2df7\" class=\"wp-block-themeisle-blocks-advanced-heading wp-block-themeisle-blocks-advanced-heading-bb0c2df7\"><strong>ILIMED KINETICA<\/strong> <\/h1>\n\n\n\n<p class=\"has-text-align-center has-white-color has-text-color\">Clinica de recuperare \u0219i preven\u021bie medical\u0103 prin kinetoterapie \u0219i fizioterapie pentru afec\u021biuni profesionale, ortopedice, reumatice \u0219i sportive.<\/p>\n\n\n\n<div class=\"wp-block-buttons is-horizontal is-content-justification-center is-layout-flex wp-container-core-buttons-is-layout-499968f5 wp-block-buttons-is-layout-flex\">\n<div class=\"wp-block-button is-style-secondary\"><a class=\"wp-block-button__link wp-element-button\" href=\"https:\/\/ilimed.ro\/index.php\/contact\/\">PROGRAMARE ONLINE<\/a><\/div>\n<\/div>\n<\/div>\n<\/div><\/div>\n\n\n\n<section id=\"wp-block-themeisle-blocks-advanced-columns-e7931e5c\" class=\"wp-block-themeisle-blocks-advanced-columns alignfull has-2-columns has-desktop-equal-layout has-tablet-equal-layout has-mobile-collapsedRows-layout has-vertical-center\"><div class=\"wp-block-themeisle-blocks-advanced-columns-overlay\"><\/div><div class=\"innerblocks-wrap\">\n<div id=\"wp-block-themeisle-blocks-advanced-column-311d4b3f\" class=\"wp-block-themeisle-blocks-advanced-column\">\n<span id=\"wp-block-themeisle-blocks-advanced-heading-4cfcfe68\" class=\"wp-block-themeisle-blocks-advanced-heading wp-block-themeisle-blocks-advanced-heading-4cfcfe68\"><\/span>\n\n\n\n<h2 id=\"wp-block-themeisle-blocks-advanced-heading-9544202b\" class=\"wp-block-themeisle-blocks-advanced-heading wp-block-themeisle-blocks-advanced-heading-9544202b\"><strong>Infiltratii intra-articulare<\/strong><\/h2>\n\n\n\n<p>Infiltratii intra-articulare \u2013 proceduri minim invazive utilizate \u00een scop terapeutic pentru reducerea durerii \u0219i&nbsp;ameliorarea afec\u021biunilor articulare. Aceste proceduri implic\u0103 injectarea unor substan\u021be medicamentoase, cum ar fi corticosteroizii sau acidul hialuronic, direct \u00een articula\u021bia afectat\u0103, care pot contribui la o \u00eembun\u0103t\u0103\u021bire a mobilit\u0103\u021bii pacientului pentru o durat\u0103 de p\u00e2n\u0103 la 6 luni.&nbsp;<\/p>\n\n\n\n<div class=\"wp-block-buttons is-layout-flex wp-block-buttons-is-layout-flex\"><\/div>\n<\/div>\n\n\n\n<div id=\"wp-block-themeisle-blocks-advanced-column-49224624\" class=\"wp-block-themeisle-blocks-advanced-column\">\n<figure class=\"wp-block-image size-full is-resized\"><img loading=\"lazy\" decoding=\"async\" width=\"1024\" height=\"1024\" src=\"https:\/\/ilimed.ro\/wp-content\/uploads\/2024\/10\/ili2.jpeg\" alt=\"\" class=\"wp-image-264\" style=\"width:483px;height:auto\" srcset=\"https:\/\/ilimed.ro\/wp-content\/uploads\/2024\/10\/ili2.jpeg 1024w, https:\/\/ilimed.ro\/wp-content\/uploads\/2024\/10\/ili2-300x300.jpeg 300w, https:\/\/ilimed.ro\/wp-content\/uploads\/2024\/10\/ili2-150x150.jpeg 150w, https:\/\/ilimed.ro\/wp-content\/uploads\/2024\/10\/ili2-768x768.jpeg 768w\" sizes=\"auto, (max-width: 1024px) 100vw, 1024px\" \/><\/figure>\n<\/div>\n<\/div><\/section>\n\n\n\n<section id=\"wp-block-themeisle-blocks-advanced-columns-dd61964a\" class=\"wp-block-themeisle-blocks-advanced-columns alignfull has-2-columns has-desktop-equal-layout has-tablet-equal-layout has-mobile-collapsedRows-layout has-vertical-center\"><div class=\"wp-block-themeisle-blocks-advanced-columns-overlay\"><\/div><div class=\"innerblocks-wrap\">\n<div id=\"wp-block-themeisle-blocks-advanced-column-e3050313\" class=\"wp-block-themeisle-blocks-advanced-column\">\n<span id=\"wp-block-themeisle-blocks-advanced-heading-6f94ae29\" class=\"wp-block-themeisle-blocks-advanced-heading wp-block-themeisle-blocks-advanced-heading-6f94ae29\"><\/span>\n\n\n\n<h2 id=\"wp-block-themeisle-blocks-advanced-heading-6de4b187\" class=\"wp-block-themeisle-blocks-advanced-heading wp-block-themeisle-blocks-advanced-heading-6de4b187\"><strong>Mezoterapie<\/strong><\/h2>\n\n\n\n<p>Dispozitivele medicale Guna Collagen sunt indicate pentru durerile osteo-artromioofasciale, precum \u0219i \u00een medicina estetic\u0103. Dispozitivele medicale pe baz\u0103 de colagen Guna reprezint\u0103 un produs terapeutic ideal pentru a stimula procesele de regenerare \u0219i remodelare, care sunt esen\u021biale \u00een restablirea \u021besuturilor deteriorate.&nbsp;<\/p>\n\n\n\n<div class=\"wp-block-buttons is-layout-flex wp-block-buttons-is-layout-flex\"><\/div>\n<\/div>\n\n\n\n<div id=\"wp-block-themeisle-blocks-advanced-column-5457112f\" class=\"wp-block-themeisle-blocks-advanced-column\">\n<figure class=\"wp-block-image size-full is-resized\"><img loading=\"lazy\" decoding=\"async\" width=\"1024\" height=\"500\" src=\"https:\/\/ilimed.ro\/wp-content\/uploads\/2024\/10\/ili3.jpg\" alt=\"\" class=\"wp-image-268\" style=\"width:575px;height:auto\" srcset=\"https:\/\/ilimed.ro\/wp-content\/uploads\/2024\/10\/ili3.jpg 1024w, https:\/\/ilimed.ro\/wp-content\/uploads\/2024\/10\/ili3-300x146.jpg 300w, https:\/\/ilimed.ro\/wp-content\/uploads\/2024\/10\/ili3-768x375.jpg 768w\" sizes=\"auto, (max-width: 1024px) 100vw, 1024px\" \/><\/figure>\n<\/div>\n<\/div><\/section>\n\n\n\n<section id=\"wp-block-themeisle-blocks-advanced-columns-38c6d39f\" class=\"wp-block-themeisle-blocks-advanced-columns alignfull has-2-columns has-desktop-equal-layout has-tablet-equal-layout has-mobile-collapsedRows-layout has-vertical-center\"><div class=\"wp-block-themeisle-blocks-advanced-columns-overlay\"><\/div><div class=\"innerblocks-wrap\">\n<div id=\"wp-block-themeisle-blocks-advanced-column-94622852\" class=\"wp-block-themeisle-blocks-advanced-column\">\n<span id=\"wp-block-themeisle-blocks-advanced-heading-d5d17c6c\" class=\"wp-block-themeisle-blocks-advanced-heading wp-block-themeisle-blocks-advanced-heading-d5d17c6c\"><\/span>\n\n\n\n<h2 id=\"wp-block-themeisle-blocks-advanced-heading-bc51cc41\" class=\"wp-block-themeisle-blocks-advanced-heading wp-block-themeisle-blocks-advanced-heading-bc51cc41\"><strong>PRP<\/strong><\/h2>\n\n\n\n<p>Medicina regenerativ\u0103 a avut, \u00een ultimii ani, un avans semnificativ \u00een identificarea \u0219i aplicarea unor terapii inovatoare pentru vindecarea \u0219i re\u00eennoirea \u021besuturilor afectate. Una dintre aceste tehnologii este utilizarea Platelet-Rich Plasma (PRP), o abordare non-invaziv\u0103 \u0219i natural\u0103, pentru a accelera procesele de vindecare ale organismului folosind propriile tale celule.<\/p>\n\n\n\n<div class=\"wp-block-buttons is-layout-flex wp-block-buttons-is-layout-flex\"><\/div>\n<\/div>\n\n\n\n<div id=\"wp-block-themeisle-blocks-advanced-column-036754b3\" class=\"wp-block-themeisle-blocks-advanced-column\">\n<figure class=\"wp-block-image size-full is-resized\"><img loading=\"lazy\" decoding=\"async\" width=\"857\" height=\"480\" src=\"https:\/\/ilimed.ro\/wp-content\/uploads\/2024\/10\/medical4.jpg\" alt=\"\" class=\"wp-image-303\" style=\"width:575px;height:auto\" srcset=\"https:\/\/ilimed.ro\/wp-content\/uploads\/2024\/10\/medical4.jpg 857w, https:\/\/ilimed.ro\/wp-content\/uploads\/2024\/10\/medical4-300x168.jpg 300w, https:\/\/ilimed.ro\/wp-content\/uploads\/2024\/10\/medical4-768x430.jpg 768w\" sizes=\"auto, (max-width: 857px) 100vw, 857px\" \/><\/figure>\n<\/div>\n<\/div><\/section>\n\n\n\n<section id=\"wp-block-themeisle-blocks-advanced-columns-152ab99c\" class=\"wp-block-themeisle-blocks-advanced-columns alignfull has-1-columns has-desktop-equal-layout has-tablet-equal-layout has-mobile-equal-layout has-vertical-flex-start has-dark-bg\"><div class=\"wp-block-themeisle-blocks-advanced-columns-overlay\"><\/div><div class=\"innerblocks-wrap\">\n<div id=\"wp-block-themeisle-blocks-advanced-column-df191a86\" class=\"wp-block-themeisle-blocks-advanced-column\">\n<section id=\"wp-block-themeisle-blocks-advanced-columns-2d0e4103\" class=\"wp-block-themeisle-blocks-advanced-columns has-1-columns has-desktop-equal-layout has-tablet-equal-layout has-mobile-equal-layout has-vertical-flex-start\"><div class=\"wp-block-themeisle-blocks-advanced-columns-overlay\"><\/div><div class=\"innerblocks-wrap\">\n<div id=\"wp-block-themeisle-blocks-advanced-column-6db8ce09\" class=\"wp-block-themeisle-blocks-advanced-column\">\n<span id=\"wp-block-themeisle-blocks-advanced-heading-bace0635\" class=\"wp-block-themeisle-blocks-advanced-heading wp-block-themeisle-blocks-advanced-heading-bace0635\"><\/span>\n\n\n\n<h2 id=\"wp-block-themeisle-blocks-advanced-heading-6fa09ec1\" class=\"wp-block-themeisle-blocks-advanced-heading wp-block-themeisle-blocks-advanced-heading-6fa09ec1\">Dotarile noastre<\/h2>\n<\/div>\n<\/div><\/section>\n\n\n\n<section id=\"wp-block-themeisle-blocks-advanced-columns-3c939e4d\" class=\"wp-block-themeisle-blocks-advanced-columns has-3-columns has-desktop-equal-layout has-tablet-equal-layout has-mobile-collapsedRows-layout has-vertical-flex-start\"><div class=\"wp-block-themeisle-blocks-advanced-columns-overlay\"><\/div><div class=\"innerblocks-wrap\">\n<div id=\"wp-block-themeisle-blocks-advanced-column-9bb249cb\" class=\"wp-block-themeisle-blocks-advanced-column\">\n<figure class=\"wp-block-image size-full is-resized\"><img loading=\"lazy\" decoding=\"async\" width=\"720\" height=\"480\" src=\"https:\/\/ilimed.ro\/wp-content\/uploads\/2024\/10\/dot1.jpg\" alt=\"\" class=\"wp-image-306\" style=\"width:335px;height:auto\" srcset=\"https:\/\/ilimed.ro\/wp-content\/uploads\/2024\/10\/dot1.jpg 720w, https:\/\/ilimed.ro\/wp-content\/uploads\/2024\/10\/dot1-300x200.jpg 300w\" sizes=\"auto, (max-width: 720px) 100vw, 720px\" \/><\/figure>\n\n\n\n<div style=\"height:16px\" aria-hidden=\"true\" class=\"wp-block-spacer\"><\/div>\n\n\n\n<h2 id=\"wp-block-themeisle-blocks-advanced-heading-8fcb3ec3\" class=\"wp-block-themeisle-blocks-advanced-heading wp-block-themeisle-blocks-advanced-heading-8fcb3ec3\"><\/h2>\n\n\n\n<div class=\"wp-block-buttons is-horizontal is-content-justification-center is-layout-flex wp-container-core-buttons-is-layout-499968f5 wp-block-buttons-is-layout-flex\"><\/div>\n<\/div>\n\n\n\n<div id=\"wp-block-themeisle-blocks-advanced-column-99d2aee5\" class=\"wp-block-themeisle-blocks-advanced-column\">\n<figure class=\"wp-block-image size-full is-resized\"><img loading=\"lazy\" decoding=\"async\" width=\"853\" height=\"480\" src=\"https:\/\/ilimed.ro\/wp-content\/uploads\/2024\/10\/dot2.jpg\" alt=\"\" class=\"wp-image-307\" style=\"width:400px;height:auto\" srcset=\"https:\/\/ilimed.ro\/wp-content\/uploads\/2024\/10\/dot2.jpg 853w, https:\/\/ilimed.ro\/wp-content\/uploads\/2024\/10\/dot2-300x169.jpg 300w, https:\/\/ilimed.ro\/wp-content\/uploads\/2024\/10\/dot2-768x432.jpg 768w\" sizes=\"auto, (max-width: 853px) 100vw, 853px\" \/><\/figure>\n\n\n\n<div style=\"height:16px\" aria-hidden=\"true\" class=\"wp-block-spacer\"><\/div>\n\n\n\n<h2 id=\"wp-block-themeisle-blocks-advanced-heading-901b5c89\" class=\"wp-block-themeisle-blocks-advanced-heading wp-block-themeisle-blocks-advanced-heading-901b5c89\"><\/h2>\n\n\n\n<div class=\"wp-block-buttons is-horizontal is-content-justification-center is-layout-flex wp-container-core-buttons-is-layout-499968f5 wp-block-buttons-is-layout-flex\"><\/div>\n<\/div>\n\n\n\n<div id=\"wp-block-themeisle-blocks-advanced-column-912f83d3\" class=\"wp-block-themeisle-blocks-advanced-column\">\n<figure class=\"wp-block-image size-full\"><img loading=\"lazy\" decoding=\"async\" width=\"720\" height=\"480\" src=\"https:\/\/ilimed.ro\/wp-content\/uploads\/2024\/10\/dot3.jpg\" alt=\"\" class=\"wp-image-308\" srcset=\"https:\/\/ilimed.ro\/wp-content\/uploads\/2024\/10\/dot3.jpg 720w, https:\/\/ilimed.ro\/wp-content\/uploads\/2024\/10\/dot3-300x200.jpg 300w\" sizes=\"auto, (max-width: 720px) 100vw, 720px\" \/><\/figure>\n\n\n\n<div style=\"height:16px\" aria-hidden=\"true\" class=\"wp-block-spacer\"><\/div>\n\n\n\n<h2 id=\"wp-block-themeisle-blocks-advanced-heading-b51791a5\" class=\"wp-block-themeisle-blocks-advanced-heading wp-block-themeisle-blocks-advanced-heading-b51791a5\"><\/h2>\n\n\n\n<div class=\"wp-block-buttons is-horizontal is-content-justification-center is-layout-flex wp-container-core-buttons-is-layout-499968f5 wp-block-buttons-is-layout-flex\"><\/div>\n<\/div>\n<\/div><\/section>\n<\/div>\n<\/div><\/section>\n\n\n\n<section id=\"wp-block-themeisle-blocks-advanced-columns-88d2ee48\" class=\"wp-block-themeisle-blocks-advanced-columns alignfull has-2-columns has-desktop-equal-layout has-tablet-equal-layout has-mobile-collapsedRows-layout has-vertical-center\"><div class=\"wp-block-themeisle-blocks-advanced-columns-overlay\"><\/div><div class=\"innerblocks-wrap\">\n<div id=\"wp-block-themeisle-blocks-advanced-column-246c5eb4\" class=\"wp-block-themeisle-blocks-advanced-column\">\n<span id=\"wp-block-themeisle-blocks-advanced-heading-4cdba9ae\" class=\"wp-block-themeisle-blocks-advanced-heading wp-block-themeisle-blocks-advanced-heading-4cdba9ae\"><\/span>\n\n\n\n<h2 id=\"wp-block-themeisle-blocks-advanced-heading-de97145d\" class=\"wp-block-themeisle-blocks-advanced-heading wp-block-themeisle-blocks-advanced-heading-de97145d\">Te asteptam<\/h2>\n\n\n\n<span id=\"wp-block-themeisle-blocks-advanced-heading-74c275e8\" class=\"wp-block-themeisle-blocks-advanced-heading wp-block-themeisle-blocks-advanced-heading-74c275e8\"><\/span>\n\n\n\n<p>Program:<br>Luni-Vineri: 08.00-20.00<br>Sambata: inchis<br>Duminica: inchis<\/p>\n\n\n\n<span id=\"wp-block-themeisle-blocks-advanced-heading-e867de30\" class=\"wp-block-themeisle-blocks-advanced-heading wp-block-themeisle-blocks-advanced-heading-e867de30\"><strong>Informatii de contact:<\/strong><\/span>\n\n\n\n<p><strong>ILIMED KINETICA <\/strong><br><strong>Adresa: Timisoara, strada Ariadna nr.40<\/strong><br><strong>Telefon: +40774669836<\/strong><br><strong>Email: ilimedkinetica@gmail.com<\/strong><\/p>\n<\/div>\n\n\n\n<div id=\"wp-block-themeisle-blocks-advanced-column-d8dc3166\" class=\"wp-block-themeisle-blocks-advanced-column\">\n<figure class=\"wp-block-image size-full\"><img loading=\"lazy\" decoding=\"async\" width=\"903\" height=\"747\" src=\"https:\/\/ilimed.ro\/wp-content\/uploads\/2024\/10\/harta2.png\" alt=\"\" class=\"wp-image-272\" srcset=\"https:\/\/ilimed.ro\/wp-content\/uploads\/2024\/10\/harta2.png 903w, https:\/\/ilimed.ro\/wp-content\/uploads\/2024\/10\/harta2-300x248.png 300w, https:\/\/ilimed.ro\/wp-content\/uploads\/2024\/10\/harta2-768x635.png 768w\" sizes=\"auto, (max-width: 903px) 100vw, 903px\" \/><\/figure>\n<\/div>\n<\/div><\/section>\n","protected":false},"excerpt":{"rendered":"","protected":false},"author":1,"featured_media":0,"parent":0,"menu_order":0,"comment_status":"closed","ping_status":"closed","template":"page-templates\/template-pagebuilder-full-width.php","meta":{"neve_meta_sidebar":"full-width","neve_meta_container":"","neve_meta_enable_content_width":"on","neve_meta_content_width":100,"neve_meta_title_alignment":"","neve_meta_author_avatar":"","neve_post_elements_order":"","neve_meta_disable_header":"","neve_meta_disable_footer":"","neve_meta_disable_title":"","_themeisle_gutenberg_block_has_review":false,"footnotes":""},"class_list":["post-129","page","type-page","status-publish","hentry"],"_links":{"self":[{"href":"https:\/\/ilimed.ro\/index.php\/wp-json\/wp\/v2\/pages\/129","targetHints":{"allow":["GET"]}}],"collection":[{"href":"https:\/\/ilimed.ro\/index.php\/wp-json\/wp\/v2\/pages"}],"about":[{"href":"https:\/\/ilimed.ro\/index.php\/wp-json\/wp\/v2\/types\/page"}],"author":[{"embeddable":true,"href":"https:\/\/ilimed.ro\/index.php\/wp-json\/wp\/v2\/users\/1"}],"replies":[{"embeddable":true,"href":"https:\/\/ilimed.ro\/index.php\/wp-json\/wp\/v2\/comments?post=129"}],"version-history":[{"count":12,"href":"https:\/\/ilimed.ro\/index.php\/wp-json\/wp\/v2\/pages\/129\/revisions"}],"predecessor-version":[{"id":320,"href":"https:\/\/ilimed.ro\/index.php\/wp-json\/wp\/v2\/pages\/129\/revisions\/320"}],"wp:attachment":[{"href":"https:\/\/ilimed.ro\/index.php\/wp-json\/wp\/v2\/media?parent=129"}],"curies":[{"name":"wp","href":"https:\/\/api.w.org\/{rel}","templated":true}]}}